{"id":1972,"date":"2021-12-04T23:45:24","date_gmt":"2021-12-04T22:45:24","guid":{"rendered":"https:\/\/aroundthesport.eu\/privacy-policy\/"},"modified":"2021-12-07T21:18:38","modified_gmt":"2021-12-07T20:18:38","slug":"privacy-policy","status":"publish","type":"page","link":"https:\/\/aroundthesport.eu\/en\/privacy-policy\/","title":{"rendered":"Privacy policy"},"content":{"rendered":"\n<p>I. PRIVACY POLICY<\/p>\n\n<p>1. Administratorem Danych Osobowych na stronie internetowej pod adresem: https:\/\/aroundthesport.eu, jest AGENCJA SPORTOWA &#8220;AROUND THE SPORT&#8221;, Al. Ignacego Jana Paderewskiego 35, 51-612 Wroc\u0142aw, Polska, NIP: 887-17-34-241, REGON: 369051253.<\/p>\n\n<p>2. Szanuj\u0105c Pa\u0144stwa prawa jako podmiot\u00f3w danych osobowych (os\u00f3b, kt\u00f3rych dane dotycz\u0105) oraz respektuj\u0105c obowi\u0105zuj\u0105ce przepisy prawa, w tym w szczeg\u00f3lno\u015bci Rozporz\u0105dzenie Parlamentu Europejskiego i Rady (UE) 2016\/679 z dnia 27 kwietnia 2016 r. w sprawie ochrony os\u00f3b fizycznych w zwi\u0105zku z przetwarzaniem danych osobowych i w sprawie swobodnego przep\u0142ywu takich danych oraz uchylenia dyrektywy 95\/46\/WE (og\u00f3lne rozporz\u0105dzenie o ochronie danych), zwane dalej RODO, ustaw\u0119 z dnia 10 maja 2018 r. o ochronie danych osobowych (Dz. U. poz. 1000, zwan\u0105 dalej Ustaw\u0105) i inne w\u0142a\u015bciwe przepisy o ochronie danych osobowych, zobowi\u0105zujemy si\u0119 do zachowania bezpiecze\u0144stwa i poufno\u015bci pozyskanych od Pa\u0144stwa danych osobowych. Wszyscy pracownicy zostali odpowiednio przeszkoleni w zakresie przetwarzania danych osobowych, a nasza firma jako Administrator Danych Osobowych wdro\u017cy\u0142a odpowiednie zabezpieczenia oraz \u015brodki techniczne i organizacyjne w celu zapewnienia najwy\u017cszego stopnia ochrony danych osobowych. Posiadamy wdro\u017cone procedury i polityki ochrony danych osobowych zgodne z RODO, dzi\u0119ki kt\u00f3rym zapewniamy zgodno\u015b\u0107 z prawem oraz rzetelno\u015b\u0107 proces\u00f3w przetwarzania danych, a tak\u017ce egzekwowalno\u015b\u0107 wszelkich praw przys\u0142uguj\u0105cych Pa\u0144stwu jako osobom, kt\u00f3rych dane dotycz\u0105. Dodatkowo w razie konieczno\u015bci wsp\u00f3\u0142pracujemy z organem nadzorczym na terenie Rzeczpospolitej Polskiej tj. z Prezesem Urz\u0119du Ochrony Danych Osobowych (zwanym dalej PUODO).<\/p>\n\n<p>3. Wszelkie zapytania, wnioski, skargi dotycz\u0105ce przetwarzania danych osobowych przez nasz\u0105 firm\u0119 (Administratora Danych Osobowych), zwane dalej Zg\u0142oszeniami, nale\u017cy kierowa\u0107 na nast\u0119puj\u0105cy adres e-mail: office@aroundthesport.eu lub w formie pisemnej na adres Administratora Danych Osobowych tj. AGENCJA SPORTOWA &#8220;AROUND THE SPORT&#8221;, Al. Ignacego Jana Paderewskiego 35, 51-612 Wroc\u0142aw, Polska, NIP: 887-17-34-241, REGON: 369051253.<\/p>\n\n<p>4. W tre\u015bci Zg\u0142oszenia nale\u017cy w spos\u00f3b wyra\u017any wskaza\u0107:<\/p>\n\n<p>a) dane osoby lub os\u00f3b, kt\u00f3rych dotyczy Zg\u0142oszenie,<\/p>\n\n<p>b) zdarzenie, kt\u00f3re jest powodem Zg\u0142oszenia,<\/p>\n\n<p>c) przedstawi\u0107 swoje \u017c\u0105dania oraz podstaw\u0119 prawn\u0105 tych \u017c\u0105da\u0144,<\/p>\n\n<p>d) wskaza\u0107 oczekiwany spos\u00f3b za\u0142atwienia sprawy.<\/p>\n\n<p>5. Na naszej stronie internetowej zbieramy nast\u0119puj\u0105ce dane osobowe:<\/p>\n\n<p>a) imi\u0119 \u2013 podczas wype\u0142niania formularza kontaktowego b\u0119d\u0105 Pa\u0144stwo poproszeni o podanie swojego imienia, aby\u015bmy mieli mo\u017cliwo\u015b\u0107 nawi\u0105zania z Pa\u0144stwem kontaktu przez formularz znajduj\u0105cy si\u0119 na naszej stronie internetowej.<\/p>\n\n<p>b) adres e-mail \u2013 poprzez adres e-mail wysy\u0142amy do Pa\u0144stwa potwierdzenie zapisania si\u0119 do newslettera oraz wype\u0142nienia formularza kontaktowego.<\/p>\n\n<p>c) adres IP urz\u0105dzenia \u2013 informacje wynikaj\u0105ce z og\u00f3lnych zasad po\u0142\u0105cze\u0144 realizowanych w Internecie takie jak adres IP (oraz inne informacje zawarte w logach systemowych) wykorzystywane s\u0105 przez administratora Strony internetowej w celach technicznych. Adresy IP mog\u0105 te\u017c by\u0107 wykorzystywane w celach statystycznych, w tym w szczeg\u00f3lno\u015bci do zbierania og\u00f3lnych informacji demograficznych (np. o regionie, z kt\u00f3rego nast\u0119puje po\u0142\u0105czenie).<\/p>\n\n<p>6. Podanie danych wskazanych w punkcie poprzedzaj\u0105cym jest konieczne w nast\u0119puj\u0105cych przypadkach:<\/p>\n\n<p>przy wype\u0142nianiu formularza kontaktowego na naszej Stronie internetowej,<\/p>\n\n<p>w celu uzyskania odpowiedzi na wys\u0142ane zapytanie za pomoc\u0105 formularza kontaktowego znajduj\u0105cego si\u0119 na naszej stronie internetowej.<\/p>\n\n<p>7. Nasza Strona internetowa wykorzystuje technologi\u0119 Cookies w celu dostosowania jego funkcjonowania do Pa\u0144stwa indywidualnych potrzeb. W zwi\u0105zku z tym mog\u0105 Pa\u0144stwo zgodzi\u0107 si\u0119 na to, aby wpisane przez Pa\u0144stwa dane i informacje zosta\u0142y zapami\u0119tane, dzi\u0119ki czemu mo\u017cliwe b\u0119dzie korzystanie z nich przy nast\u0119pnych odwiedzinach naszej Strony internetowej bez potrzeby powt\u00f3rnego ich wpisywania. W\u0142a\u015bciciele innych witryn nie b\u0119d\u0105 mieli dost\u0119pu do tych danych i informacji. Je\u017celi natomiast nie zgadzaj\u0105 si\u0119 Pa\u0144stwo na personalizowanie Strony internetowej, proponujemy wy\u0142\u0105czenie obs\u0142ugi plik\u00f3w Cookies w opcjach swojej przegl\u0105darki internetowej.<\/p>\n\n<p>8. Ka\u017cdy z Pa\u0144stwa jako osoba korzystaj\u0105ca z naszej Strony internetowej ma mo\u017cliwo\u015b\u0107 wyboru, czy i w jakim zakresie chce korzysta\u0107 z naszych us\u0142ug oraz udost\u0119pnia\u0107 informacje i dane o sobie w zakresie okre\u015blonym tre\u015bci\u0105 niniejszej Polityki prywatno\u015bci.<\/p>\n\n<p>9. Pa\u0144stwa dane osobowe przetwarzane s\u0105 przez nasz\u0105 firm\u0119 jako Administratora Danych Osobowych w celu realizacji zg\u0142osze\u0144 wys\u0142anych przez formularz kontaktowy. Zgodnie z zasad\u0105 minimalizacji przetwarzamy wy\u0142\u0105cznie te kategorie danych osobowych, kt\u00f3re s\u0105 niezb\u0119dne do osi\u0105gni\u0119cia cel\u00f3w, o kt\u00f3rych mowa w zdaniu poprzedzaj\u0105cym.<\/p>\n\n<p>10. Dane osobowe przetwarzamy przez czas niezb\u0119dny do osi\u0105gni\u0119cia cel\u00f3w wymienionych w punkcie poprzedzaj\u0105cym. Dane osobowe mog\u0105 by\u0107 przetwarzane przez okres d\u0142u\u017cszy ni\u017c wskazany w zdaniu poprzedzaj\u0105cym, w przypadku gdy takie uprawnienie lub obowi\u0105zek na\u0142o\u017cony na Administratora Danych Osobowych wynika ze szczeg\u00f3lnych przepis\u00f3w prawa lub gdy us\u0142uga, kt\u00f3r\u0105 wykonujemy ma charakter ci\u0105g\u0142y.<\/p>\n\n<p>11. \u0179r\u00f3d\u0142em przetwarzanych przez Administratora Danych Osobowych s\u0105 osoby, kt\u00f3rych dane dotycz\u0105.<\/p>\n\n<p>12. Pa\u0144stwa dane osobowe nie s\u0105 przekazywane do pa\u0144stwa trzeciego w rozumieniu przepis\u00f3w RODO.<\/p>\n\n<p>13. \u017badnych danych osobowych nie udost\u0119pniamy podmiotom trzecim, bez wyra\u017anej zgody osoby, kt\u00f3rej dane dotycz\u0105. Dane osobowe bez zgody osoby, kt\u00f3rej dane dotycz\u0105, mog\u0105 by\u0107 udost\u0119pniane wy\u0142\u0105cznie podmiotom prawa publicznego tj. organom w\u0142adzy i administracji<\/p>\n\n<p>(np. organom podatkowym, organom \u015bcigania i innym podmiotom posiadaj\u0105cym umocowanie<\/p>\n\n<p>w powszechnie obowi\u0105zuj\u0105cych przepisach prawa).<\/p>\n\n<p>14. Dane osobowe mog\u0105 by\u0107 powierzane do przetwarzania podmiotom przetwarzaj\u0105cym takie dane na rzecz naszej firmy jako Administratora Danych Osobowych. W takiej sytuacji jako Administrator Danych Osobowych zawieramy z podmiotem przetwarzaj\u0105cym umow\u0119 powierzenia przetwarzania danych osobowych. Podmiot przetwarzaj\u0105cy przetwarza powierzone dane osobowe, ale wy\u0142\u0105cznie na potrzeby, w zakresie i w celach wskazanych w umowie powierzenia, o kt\u00f3rej mowa w zdaniu poprzedzaj\u0105cych. Bez powierzenia Pa\u0144stwa danych osobowych do przetwarzania nie mogliby\u015bmy prowadzi\u0107 swojej dzia\u0142alno\u015bci w ramach Strony internetowej ani dostarcza\u0107 Pa\u0144stwu odpowiedzi na zadane pytania. Jako Administrator Danych Osobowych powierzamy dane osobowe do przetwarzania podmiotom:<\/p>\n\n<p>a) \u015bwiadcz\u0105cym us\u0142ugi hostingowe na rzecz strony internetowej, na kt\u00f3rej dzia\u0142a nasza Strona internetowa,<\/p>\n\n<p>b) \u015bwiadcz\u0105cym us\u0142ugi pocztowe,<\/p>\n\n<p>c) \u015bwiadcz\u0105cym inne us\u0142ugi na nasz\u0105 rzecz jako Administratora danych osobowych, kt\u00f3re s\u0105 niezb\u0119dne do bie\u017c\u0105cego funkcjonowania strony internetowej.<\/p>\n\n<p>Dane osobowe nie podlegaj\u0105 profilowaniu przez Administratora Danych Osobowych.<\/p>\n\n<p>16. Zgodnie z przepisami RODO ka\u017cda osoba, kt\u00f3rej dane osobowe przetwarzamy jako Administrator Danych Osobowych ma prawo do:<\/p>\n\n<p>a) bycia informowanym o przetwarzaniu danych osobowych, o kt\u00f3rym mowa w art. 12 RODO \u2013 Administrator jest zobowi\u0105zany przekaza\u0107 Pa\u0144stwu jako osobom, kt\u00f3rych dane b\u0119d\u0105 przetwarzane, okre\u015blonych w RODO informacji (m.in. o swoich danych, danych kontaktowych IOD, celach oraz podstawach prawnych przetwarzania danych osobowych, odbiorcach lub kategoriach odbiorc\u00f3w danych osobowych, o ile istniej\u0105 czy o okresie przez kt\u00f3ry dane b\u0119d\u0105 przetwarzane lub o kryteriach ustalania tego okresu); obowi\u0105zek ten nale\u017cy spe\u0142ni\u0107 ju\u017c w momencie pozyskiwania danych (czyli np. podczas wysy\u0142ania przez osob\u0119 formularza kontaktowego na stronie internetowej), a je\u017celi danych nie uzyskuje si\u0119 od osoby, kt\u00f3rej dane dotycz\u0105, lecz z innego \u017ar\u00f3d\u0142a \u2013 w rozs\u0105dnym terminie, zale\u017cnie od okoliczno\u015bci; Administrator mo\u017ce zaniecha\u0107 podawania tych informacji, je\u015bli osoba kt\u00f3rej dane dotycz\u0105, ju\u017c nimi dysponuje,<\/p>\n\n<p>b) dost\u0119pu do swoich danych osobowych, o kt\u00f3rym mowa w art. 15 RODO \u2013 podaj\u0105c nam dane osobowe, maj\u0105 Pa\u0144stwo prawo uzyska\u0107 do nich wgl\u0105d i dost\u0119p; nie oznacza to jednak, \u017ce maj\u0105 Pa\u0144stwo prawo dost\u0119pu do wszystkich dokument\u00f3w, na kt\u00f3rych Pa\u0144stwa dane widniej\u0105, poniewa\u017c mog\u0105 one zawiera\u0107 informacje poufne; maj\u0105 jednak Pa\u0144stwo prawo do informacji jakie Pa\u0144stwa dane i w jakim celu przetwarzamy oraz prawo do uzyskania kopii swoich danych osobowych, przy czym pierwsz\u0105 kopi\u0119 wydajemy bezp\u0142atnie, a za ka\u017cd\u0105 kolejn\u0105 zgodnie z przepisami RODO pobieramy odpowiedni\u0105 op\u0142at\u0119 administracyjn\u0105 odpowiadaj\u0105c\u0105 kosztom sporz\u0105dzenia kopii,<\/p>\n\n<p>c) poprawiania, uzupe\u0142niania, uaktualniania, sprostowania danych osobowych, o kt\u00f3rych mowa w art. 16 RODO \u2013 je\u017celi Pa\u0144stwa dane osobowe uleg\u0142y zmianie, prosimy o poinformowanie nas jako Administratora Danych Osobowych o tym fakcie, aby posiadane przez nas dane by\u0142y zgodne ze stanem rzeczywistym oraz aktualne; r\u00f3wnie\u017c w sytuacji, gdy nie nast\u0105pi\u0142a \u017cadna zmiana danych osobowych, ale z jakichkolwiek wzgl\u0119d\u00f3w dane te s\u0105 nieprawid\u0142owe lub zosta\u0142y zapisane w spos\u00f3b niepoprawny (np. na skutek omy\u0142ki pisarskiej), prosimy o informacj\u0119 w celu poprawienia lub sprostowania takich danych,<\/p>\n\n<p>d) usuni\u0119cia danych (prawo do bycia zapomnianym), o kt\u00f3rym mowa w art. 17 RODO \u2013 innymi s\u0142owy maj\u0105 Pa\u0144stwo prawo \u017c\u0105dania \u201eskasowania\u201d danych posiadanych przez nas jako Administratora Danych Osobowych oraz prawo do wyst\u0105pienia do nas jako Administratora Danych Osobowych, aby\u015bmy poinformowali innych administrator\u00f3w, kt\u00f3rym przekazali\u015bmy Pa\u0144stwa dane o konieczno\u015bci ich usuni\u0119cia. Mog\u0105 Pa\u0144stwo \u017c\u0105da\u0107 usuni\u0119cia swoich danych osobowych przede wszystkim, gdy:<\/p>\n\n<p>cele, do kt\u00f3rych dane osobowe zosta\u0142y pobrane, zosta\u0142 osi\u0105gni\u0119ty np. zrealizowali\u015bmy w ca\u0142o\u015bci zawart\u0105 z Pa\u0144stwem umow\u0119 sprzeda\u017cy,<\/p>\n\n<p>podstaw\u0105 przetwarzania Pa\u0144stwa danych osobowych by\u0142a wy\u0142\u0105cznie zgoda, kt\u00f3ra nast\u0119pnie zosta\u0142a cofni\u0119ta i nie ma innych podstaw prawnych do dalszego przetwarzania Pa\u0144stwa danych osobowych,<\/p>\n\n<p>wnie\u015bli Pa\u0144stwo sprzeciw w oparciu o art. 21 RODO i uwa\u017caj\u0105 Pa\u0144stwo, \u017ce nie mamy \u017cadnych nadrz\u0119dnych podstaw prawnych pozwalaj\u0105cych na dalsze przetwarzanie Pa\u0144stwa danych osobowych,<\/p>\n\n<p>Pa\u0144stwa dane osobowe by\u0142y przetwarzane niezgodnie z prawem tzn. w celach niezgodnych z prawem lub bez jakiejkolwiek podstawy do przetwarzania danych osobowych \u2013 prosz\u0119 pami\u0119ta\u0107, \u017ce w takim przypadku musz\u0105 Pa\u0144stwo mie\u0107 podstaw\u0119 do swojego \u017c\u0105dania,<\/p>\n\n<p>konieczno\u015b\u0107 usuni\u0119cia Pa\u0144stwa danych osobowych wynika z przepis\u00f3w prawa,<\/p>\n\n<p>dane osobowe dotycz\u0105 osoby ma\u0142oletniej i zosta\u0142y zebrane w zwi\u0105zku ze \u015bwiadczeniem us\u0142ug spo\u0142ecze\u0144stwa informacyjnego,<\/p>\n\n<p>e) ograniczenia przetwarzania, o kt\u00f3rym mowa w art. 18 RODO \u2013 mog\u0105 si\u0119 Pa\u0144stwo zg\u0142osi\u0107 do naszej firmy z \u017c\u0105daniem ograniczenia przetwarzania Pa\u0144stwa danych osobowych (co polega\u0142oby na tym, \u017ce do czasu wyja\u015bnienia spawy nasza firma przede wszystkim jedynie by przechowywa\u0142a), je\u017celi:<\/p>\n\n<p>kwestionuj\u0105 Pa\u0144stwo prawid\u0142owo\u015b\u0107 swoich danych osobowych, lub<\/p>\n\n<p>uwa\u017caj\u0105 Pa\u0144stwo, \u017ce przetwarzamy Pa\u0144stwa dane bez podstawy prawnej, ale jednocze\u015bnie nie chc\u0105 Pa\u0144stwo, aby\u015bmy usuwali te dane osobowe (czyli nie korzystaj\u0105 Pa\u0144stwo z uprawnienia, o kt\u00f3rym mowa w literze poprzedzaj\u0105cej), lub<\/p>\n\n<p>z\u0142o\u017cyli Pa\u0144stwo sprzeciw, o kt\u00f3rym mowa w lit. f) niniejszego punktu, lub<\/p>\n\n<p>Pa\u0144stwa dane osobowe s\u0105 potrzebne do ustalenia, dochodzenia lub obrony roszcze\u0144 np. przed s\u0105dem,<\/p>\n\n<p>f) przenoszenia danych, o kt\u00f3rym mowa w art. 20 RODO \u2013 maj\u0105 Pa\u0144stwo prawo uzyskania swoich danych w formacie umo\u017cliwiaj\u0105cym odczyt tych danych na komputerze oraz prawo do przes\u0142ania tych danych w takim formacie do innego administratora; prawo to przys\u0142uguje Pa\u0144stwu jedynie w\u00f3wczas, gdy podstaw\u0105 przetwarzania Pa\u0144stwa danych by\u0142a zgoda lub dane te by\u0142y przetwarzane w spos\u00f3b automatyczny,<\/p>\n\n<p>g) wniesienia sprzeciwu od przetwarzania danych osobowych, o czym mowa w art. 21 RODO \u2013 maj\u0105 Pa\u0144stwo prawo wnie\u015b\u0107 sprzeciw, je\u017celi nie zgadzaj\u0105 si\u0119 Pa\u0144stwo na przetwarzanie przez nas danych osobowych, kt\u00f3re dotychczas przetwarzali\u015bmy w uzasadnionych celach zgodnych z przepisami prawa; w szczeg\u00f3lno\u015bci prawo do sprzeciwu przys\u0142uguje wobec przetwarzania Pa\u0144stwa danych osobowych dla potrzeb marketingu bezpo\u015bredniego,<\/p>\n\n<p>h) niepodlegania pro\ufb01lowaniu, o kt\u00f3rym mowa w art. 22 w zw. z art. 4 pkt 4 RODO \u2013 na naszej stronie internetowej nie b\u0119d\u0105 Pa\u0144stwo podlegali zautomatyzowanemu podejmowaniu decyzji ani profilowaniu w rozumieniu RODO, chyba \u017ce wyra\u017c\u0105 Pa\u0144stwo na to zgod\u0119; dodatkowo zawsze b\u0119dziemy Pa\u0144stwa informowali o profilowaniu, gdyby mia\u0142o ono mie\u0107 miejsce,<\/p>\n\n<p>i) wniesienia skargi do organu nadzorczego (tj. do Prezesa Urz\u0119du Ochrony Danych Osobowych), o kt\u00f3rym mowa w art. 77 RODO \u2013 je\u017celi uznaj\u0105 Pa\u0144stwo \u017ce przetwarzamy Pa\u0144stwa dane osobowe niezgodnie z prawem lub w jakikolwiek spos\u00f3b naruszamy uprawnienia wynikaj\u0105ce z powszechnie obowi\u0105zuj\u0105cych przepis\u00f3w prawa z zakresu ochrony danych osobowych.<\/p>\n\n<p>17. W odniesieniu do prawa do usuni\u0119cia danych (prawa do bycia zapomnianym), zaznaczamy, \u017ce zgodnie z przepisami RODO nie maj\u0105 Pa\u0144stwa prawa do skorzystania z tego uprawnienia, je\u017celi:<\/p>\n\n<p>a) przetwarzanie Pa\u0144stwa danych osobowych jest niezb\u0119dne do skorzystania z prawa do wolno\u015bci wypowiedzi i informacji np. je\u017celi zamie\u015bcili Pa\u0144stwo swoje dane na blogu, w komentarzach itp.,<\/p>\n\n<p>b) przetwarzanie danych osobowych jest konieczne dla wywi\u0105zania si\u0119 przez nasz\u0105 firm\u0119 z obowi\u0105zk\u00f3w prawnych wynikaj\u0105cego z przepis\u00f3w \u2013 nie mo\u017cemy usun\u0105\u0107 Pa\u0144stwa danych przez okres niezb\u0119dny do wywi\u0105zania si\u0119 z obowi\u0105zk\u00f3w (np. podatkowych), kt\u00f3re nak\u0142adaj\u0105 na nas przepisy prawa,<\/p>\n\n<p>c) przetwarzanie Pa\u0144stwa danych jest dokonywane na potrzeby dochodzenia, ustalenia lub obrony roszcze\u0144.<\/p>\n\n<p>18. Je\u017celi chc\u0105 Pa\u0144stwo skorzysta\u0107 ze swoich praw, o kt\u00f3rych mowa w punkcie poprzedzaj\u0105cym, prosz\u0119 u\u017cy\u0107 w\u0142a\u015bciwych zak\u0142adek w Serwisie internetowym, kt\u00f3re pozwalaj\u0105 usun\u0105\u0107 Pa\u0144stwa konto i dane zgromadzone w naszym Serwisie internetowym lub prosz\u0119 przes\u0142a\u0107 wiadomo\u015b\u0107 drog\u0105 poczty elektronicznej na adres e-mail: office@aroundthesport.eu lub w formie pisemnej na adres korespondencyjny, o kt\u00f3rym mowa w pkt. 3 powy\u017cej.<\/p>\n\n<p>19. Ka\u017cdy stwierdzony przypadek naruszenia bezpiecze\u0144stwa jest dokumentowany, a w razie wyst\u0105pienia jednej z sytuacji okre\u015blonych w przepisach RODO lub Ustawy, o takim naruszeniu przepis\u00f3w o ochronie danych osobowych informowane s\u0105 osoby, kt\u00f3rych dane dotycz\u0105, oraz \u2013 je\u017celi ma to zastosowanie \u2013 PUODO.<\/p>\n\n<p>20. Wszelkie s\u0142owa pisane wielk\u0105 liter\u0105 maj\u0105 znaczenie nadane im w Regulaminie naszej strony internetowej, chyba \u017ce co innego wynika z tre\u015bci niniejszej Polityki prywatno\u015bci.<\/p>\n\n<p>21. W kwestiach nieuregulowanych niniejsz\u0105 Polityk\u0105 prywatno\u015bci, odpowiednie zastosowanie maj\u0105 w\u0142a\u015bciwe przepisy prawa powszechnie obowi\u0105zuj\u0105cego. W przypadku niezgodno\u015bci postanowie\u0144 niniejszej Polityki prywatno\u015bci z powy\u017cszymi przepisami, pierwsze\u0144stwo maj\u0105 te przepisy.<\/p>\n\n<p>II. POLITYKA PLIK\u00d3W COOKIES<\/p>\n\n<p>I. DEFINICJE<\/p>\n\n<p>1. Administrator \u2013 AGENCJA SPORTOWA &#8220;AROUND THE SPORT&#8221;, Al. Ignacego Jana Paderewskiego 35, 51-612 Wroc\u0142aw, Polska, NIP: 887-17-34-241, REGON: 369051253.<\/p>\n\n<p>Cookies \u2013 dane informatyczne, niewielkie pliki tekstowe, zapisywane i przechowywane na Urz\u0105dzeniach, za po\u015brednictwem kt\u00f3rych U\u017cytkownik korzysta ze strony internetowej Administratora.<\/p>\n\n<p>3. Device &#8211; an electronic device through which the User gains access to the Administrator&#8217;s website.<\/p>\n\n<p>4. User &#8211; means an entity for which electronic services may be provided in accordance with the Regulations and legal provisions or with which an Agreement for the provision of electronic services may be concluded.<\/p>\n\n<p>II. USE OF COOKIES<\/p>\n\n<p>1. The administrator uses cookies via the website.<\/p>\n\n<p>2. Information collected on the basis of cookies is used for the purpose of proper optimization of the website, as well as for statistical and advertising purposes.<\/p>\n\n<p>3. Cookies record the activity of the website User by recognizing the Device, thanks to which the website is displayed in a manner optimized to the individual preferences of the User.<\/p>\n\n<p>4. The solutions used on the website are safe for Users&#8217; Devices using the Administrator&#8217;s website. It is not possible for dangerous or malicious software to enter Users&#8217; Devices.<\/p>\n\n<p>5. The administrator uses two types of cookies:<\/p>\n\n<p>a) Session cookies: these are files that are stored on the User&#8217;s Device and remain there until the end of the browser session. The saved information is then permanently deleted from the memory of the Device. The session cookies mechanism does not allow the collection of any personal data or any confidential information from the User&#8217;s Device.<\/p>\n\n<p>b) Permanent cookies: they are stored on the User&#8217;s Device and remain there until they are deleted. Ending a browser session or turning off the Device does not delete them from the Device. The persistent cookies mechanism does not allow the collection of any personal data or any confidential information from the User&#8217;s Device.<\/p>\n\n<p>6. Displaying mentions from social media such as Facebook and Instagram in order to get to know the Around the Sport actions and its community faster. The data is not modified in any way on the Around the Sport website.<\/p>\n\n<ul class=\"wp-block-list\"><li>Facebook.com [cookie administrator: Facebook Inc based in the USA or Facebook Ireland based in Ireland]<\/li><\/ul>\n<p>7. Collecting general and anonymous static data via analytical tools.<\/p>\n\n<ul class=\"wp-block-list\"><li>Google.com [administrator cookies: Google Inc z siedzib\u0105 w USA]<\/li><\/ul>\n<p>III. WAYS TO DETERMINE THE CONDITIONS OF STORAGE OR ACCESSING COOKIES<\/p>\n\n<p>1. The User has the option to limit or disable the access of Cookies to his Device. If this option is used, the use of the Administrator&#8217;s website will be possible, except for functions which, by their nature, require cookies.<\/p>\n\n<p>2. The User may independently and at any time change the settings for Cookies, specifying the conditions for their storage and access to the User&#8217;s Device by Cookies. Changes to the settings referred to above can be made by the User using the web browser settings or by using the service configuration. These settings can be changed in particular in such a way as to block the automatic handling of cookies in the web browser settings or to inform about their every posting on the Device. Detailed information on the possibilities and methods of handling cookies is available in the software (web browser) settings.<\/p>\n","protected":false},"excerpt":{"rendered":"<p>I. PRIVACY POLICY 1. Administratorem Danych Osobowych na stronie internetowej pod adresem: https:\/\/aroundthesport.eu, jest AGENCJA SPORTOWA &#8220;AROUND THE SPORT&#8221;, Al. Ignacego Jana Paderewskiego 35, 51-612 Wroc\u0142aw, Polska, NIP: 887-17-34-241, REGON:&#8230;<\/p>\n","protected":false},"author":1,"featured_media":0,"parent":0,"menu_order":0,"comment_status":"closed","ping_status":"closed","template":"","meta":{"_exactmetrics_skip_tracking":false,"_exactmetrics_sitenote_active":false,"_exactmetrics_sitenote_note":"","_exactmetrics_sitenote_category":0,"footnotes":""},"class_list":["post-1972","page","type-page","status-publish"],"_links":{"self":[{"href":"https:\/\/aroundthesport.eu\/en\/wp-json\/wp\/v2\/pages\/1972","targetHints":{"allow":["GET"]}}],"collection":[{"href":"https:\/\/aroundthesport.eu\/en\/wp-json\/wp\/v2\/pages"}],"about":[{"href":"https:\/\/aroundthesport.eu\/en\/wp-json\/wp\/v2\/types\/page"}],"author":[{"embeddable":true,"href":"https:\/\/aroundthesport.eu\/en\/wp-json\/wp\/v2\/users\/1"}],"replies":[{"embeddable":true,"href":"https:\/\/aroundthesport.eu\/en\/wp-json\/wp\/v2\/comments?post=1972"}],"version-history":[{"count":17,"href":"https:\/\/aroundthesport.eu\/en\/wp-json\/wp\/v2\/pages\/1972\/revisions"}],"predecessor-version":[{"id":2453,"href":"https:\/\/aroundthesport.eu\/en\/wp-json\/wp\/v2\/pages\/1972\/revisions\/2453"}],"wp:attachment":[{"href":"https:\/\/aroundthesport.eu\/en\/wp-json\/wp\/v2\/media?parent=1972"}],"curies":[{"name":"wp","href":"https:\/\/api.w.org\/{rel}","templated":true}]}}