{"id":1938,"date":"2021-12-04T19:03:50","date_gmt":"2021-12-04T18:03:50","guid":{"rendered":"https:\/\/aroundthesport.eu\/contact\/"},"modified":"2026-02-19T10:52:52","modified_gmt":"2026-02-19T09:52:52","slug":"contact","status":"publish","type":"page","link":"https:\/\/aroundthesport.eu\/en\/contact\/","title":{"rendered":"Contact"},"content":{"rendered":"[vc_row type=&#8221;full_width_background&#8221; full_screen_row_position=&#8221;middle&#8221; column_margin=&#8221;default&#8221; column_direction=&#8221;default&#8221; column_direction_tablet=&#8221;default&#8221; column_direction_phone=&#8221;default&#8221; bg_color=&#8221;#f1f1f1&#8243; bg_image=&#8221;5715&#8243; bg_position=&#8221;center center&#8221; background_image_loading=&#8221;default&#8221; bg_repeat=&#8221;no-repeat&#8221; scene_position=&#8221;center&#8221; top_padding=&#8221;120px&#8221; top_padding_phone=&#8221;60px&#8221; text_color=&#8221;dark&#8221; text_align=&#8221;left&#8221; row_border_radius=&#8221;none&#8221; row_border_radius_applies=&#8221;bg&#8221; zindex=&#8221;100&#8243; overflow=&#8221;visible&#8221; advanced_gradient_angle=&#8221;0&#8243; overlay_strength=&#8221;0.3&#8243; gradient_direction=&#8221;left_to_right&#8221; shape_divider_position=&#8221;bottom&#8221; bg_image_animation=&#8221;none&#8221; shape_type=&#8221;&#8221; gradient_type=&#8221;default&#8221;][vc_column column_padding=&#8221;no-extra-padding&#8221; column_padding_tablet=&#8221;inherit&#8221; column_padding_phone=&#8221;inherit&#8221; column_padding_position=&#8221;all&#8221; top_margin=&#8221;-60&#8243; column_element_spacing=&#8221;default&#8221; background_color_opacity=&#8221;1&#8243; background_hover_color_opacity=&#8221;1&#8243; column_shadow=&#8221;none&#8221; column_border_radius=&#8221;none&#8221; column_link_target=&#8221;_self&#8221; column_position=&#8221;default&#8221; advanced_gradient_angle=&#8221;0&#8243; gradient_direction=&#8221;left_to_right&#8221; overlay_strength=&#8221;0.3&#8243; width=&#8221;1\/1&#8243; tablet_width_inherit=&#8221;default&#8221; tablet_text_alignment=&#8221;default&#8221; phone_text_alignment=&#8221;default&#8221; animation_type=&#8221;default&#8221; bg_image_animation=&#8221;none&#8221; border_type=&#8221;simple&#8221; column_border_width=&#8221;none&#8221; column_border_style=&#8221;solid&#8221; gradient_type=&#8221;default&#8221;][vc_row_inner column_margin=&#8221;default&#8221; column_direction=&#8221;default&#8221; column_direction_tablet=&#8221;default&#8221; column_direction_phone=&#8221;default&#8221; text_align=&#8221;left&#8221; row_position=&#8221;default&#8221; row_position_tablet=&#8221;inherit&#8221; row_position_phone=&#8221;inherit&#8221; overflow=&#8221;visible&#8221; pointer_events=&#8221;all&#8221;][vc_column_inner column_padding=&#8221;padding-6-percent&#8221; column_padding_tablet=&#8221;inherit&#8221; column_padding_phone=&#8221;inherit&#8221; column_padding_position=&#8221;all&#8221; top_margin=&#8221;3%&#8221; bottom_margin=&#8221;3%&#8221; column_element_spacing=&#8221;default&#8221; background_color=&#8221;#ffffff&#8221; background_color_opacity=&#8221;1&#8243; background_hover_color_opacity=&#8221;1&#8243; column_shadow=&#8221;medium_depth&#8221; column_border_radius=&#8221;10px&#8221; column_link_target=&#8221;_self&#8221; advanced_gradient_angle=&#8221;0&#8243; gradient_direction=&#8221;left_to_right&#8221; overlay_strength=&#8221;0.3&#8243; width=&#8221;1\/1&#8243; tablet_width_inherit=&#8221;default&#8221; animation_type=&#8221;default&#8221; enable_animation=&#8221;true&#8221; animation=&#8221;fade-in-from-bottom&#8221; bg_image_animation=&#8221;none&#8221; border_type=&#8221;simple&#8221; column_border_width=&#8221;none&#8221; column_border_style=&#8221;solid&#8221; gradient_type=&#8221;default&#8221;]\n<div class=\"wpcf7 no-js\" id=\"wpcf7-f356-o1\" lang=\"pl-PL\" dir=\"ltr\">\n<div class=\"screen-reader-response\"><p role=\"status\" aria-live=\"polite\" aria-atomic=\"true\"><\/p> <ul><\/ul><\/div>\n<form action=\"\/en\/wp-json\/wp\/v2\/pages\/1938#wpcf7-f356-o1\" method=\"post\" class=\"wpcf7-form init\" aria-label=\"Formularz kontaktowy\" novalidate=\"novalidate\" data-status=\"init\">\n<div style=\"display: none;\">\n<input type=\"hidden\" name=\"_wpcf7\" value=\"356\" \/>\n<input type=\"hidden\" name=\"_wpcf7_version\" value=\"5.9.3\" \/>\n<input type=\"hidden\" name=\"_wpcf7_locale\" value=\"pl_PL\" \/>\n<input type=\"hidden\" name=\"_wpcf7_unit_tag\" value=\"wpcf7-f356-o1\" \/>\n<input type=\"hidden\" name=\"_wpcf7_container_post\" value=\"0\" \/>\n<input type=\"hidden\" name=\"_wpcf7_posted_data_hash\" value=\"\" \/>\n<input type=\"hidden\" name=\"_wpcf7cf_hidden_group_fields\" value=\"[]\" \/>\n<input type=\"hidden\" name=\"_wpcf7cf_hidden_groups\" value=\"[]\" \/>\n<input type=\"hidden\" name=\"_wpcf7cf_visible_groups\" value=\"[]\" \/>\n<input type=\"hidden\" name=\"_wpcf7cf_repeaters\" value=\"[]\" \/>\n<input type=\"hidden\" name=\"_wpcf7cf_steps\" value=\"{}\" \/>\n<input type=\"hidden\" name=\"_wpcf7cf_options\" value=\"{&quot;form_id&quot;:356,&quot;conditions&quot;:[{&quot;then_field&quot;:&quot;group-selFoot&quot;,&quot;and_rules&quot;:[{&quot;if_field&quot;:&quot;radio-tournaments&quot;,&quot;operator&quot;:&quot;equals&quot;,&quot;if_value&quot;:&quot;Pi\\u0142ka no\\u017cna&quot;}]},{&quot;then_field&quot;:&quot;group-selHand&quot;,&quot;and_rules&quot;:[{&quot;if_field&quot;:&quot;radio-tournaments&quot;,&quot;operator&quot;:&quot;equals&quot;,&quot;if_value&quot;:&quot;Pi\\u0142ka r\\u0119czna&quot;}]},{&quot;then_field&quot;:&quot;-1&quot;,&quot;and_rules&quot;:[{&quot;if_field&quot;:&quot;-1&quot;,&quot;operator&quot;:&quot;equals&quot;,&quot;if_value&quot;:&quot;&quot;}]}],&quot;settings&quot;:{&quot;animation&quot;:&quot;yes&quot;,&quot;animation_intime&quot;:200,&quot;animation_outtime&quot;:200,&quot;conditions_ui&quot;:&quot;normal&quot;,&quot;notice_dismissed&quot;:false,&quot;notice_dismissed_rollback-cf7-5.6.4&quot;:true}}\" \/>\n<input type=\"hidden\" name=\"_wpcf7_recaptcha_response\" value=\"\" \/>\n<\/div>\n<div class=\"nectar-wpcf7-inline-form\">\n\t<div class=\"nectar-wpcf7-inline-field\">\n\t\t<p><span class=\"wpcf7-form-control-wrap\" data-name=\"your-name\"><input size=\"40\" class=\"wpcf7-form-control wpcf7-text wpcf7-validates-as-required\" aria-required=\"true\" aria-invalid=\"false\" placeholder=\"Imi\u0119 i nazwisko*\" value=\"\" type=\"text\" name=\"your-name\" \/><\/span>\n\t\t<\/p>\n\t<\/div>\n\t<div class=\"nectar-wpcf7-inline-field\">\n\t\t<p><span class=\"wpcf7-form-control-wrap\" data-name=\"your-email\"><input size=\"40\" class=\"wpcf7-form-control wpcf7-email wpcf7-validates-as-required wpcf7-text wpcf7-validates-as-email\" aria-required=\"true\" aria-invalid=\"false\" placeholder=\"Tw\u00f3j email*\" value=\"\" type=\"email\" name=\"your-email\" \/><\/span>\n\t\t<\/p>\n\t<\/div>\n<\/div>\n<div class=\"nectar-wpcf7-inline-form\">\n\t<div class=\"nectar-wpcf7-inline-field\">\n\t\t<p><span class=\"wpcf7-form-control-wrap\" data-name=\"your-org\"><input size=\"40\" class=\"wpcf7-form-control wpcf7-text wpcf7-validates-as-required\" aria-required=\"true\" aria-invalid=\"false\" placeholder=\"Organizacja*\" value=\"\" type=\"text\" name=\"your-org\" \/><\/span>\n\t\t<\/p>\n\t<\/div>\n\t<div class=\"nectar-wpcf7-inline-field\">\n\t\t<p><span class=\"wpcf7-form-control-wrap\" data-name=\"your-phone\"><input size=\"40\" class=\"wpcf7-form-control wpcf7-text\" aria-invalid=\"false\" placeholder=\"Telefon*\" value=\"\" type=\"text\" name=\"your-phone\" \/><\/span>\n\t\t<\/p>\n\t<\/div>\n<\/div>\n<div class=\"nectar-wpcf7-inline-br\">\n\t<h4> Wybierz turniej*\n\t<\/h4>\n<\/div>\n<div class=\"nectar-wpcf7-inline-checkbox\">\n\t<div class=\"nectar-wpcf7-inline-field\">\n\t\t<p><span class=\"wpcf7-form-control-wrap\" data-name=\"radio-tournaments\"><span class=\"wpcf7-form-control wpcf7-radio\"><span class=\"wpcf7-list-item first\"><label><input type=\"radio\" name=\"radio-tournaments\" value=\"Pi\u0142ka no\u017cna\" checked=\"checked\" \/><span class=\"wpcf7-list-item-label\">Pi\u0142ka no\u017cna<\/span><\/label><\/span><span class=\"wpcf7-list-item\"><label><input type=\"radio\" name=\"radio-tournaments\" value=\"Pi\u0142ka r\u0119czna\" \/><span class=\"wpcf7-list-item-label\">Pi\u0142ka r\u0119czna<\/span><\/label><\/span><span class=\"wpcf7-list-item last\"><label><input type=\"radio\" name=\"radio-tournaments\" value=\"Inny temat\" \/><span class=\"wpcf7-list-item-label\">Inny temat<\/span><\/label><\/span><\/span><\/span>\n\t\t<\/p>\n\t<\/div>\n<\/div>\n<div data-id=\"group-selFoot\" data-orig_data_id=\"group-selFoot\"  data-class=\"wpcf7cf_group\">\n\t<div class=\"nectar-wpcf7-inline-form\">\n\t\t<div class=\"nectar-wpcf7-inline-field\">\n\t\t\t<p><span class=\"wpcf7-form-control-wrap\" data-name=\"menu-foot\"><select class=\"wpcf7-form-control wpcf7-select wpcf7-validates-as-required\" aria-required=\"true\" aria-invalid=\"false\" name=\"menu-foot\"><option value=\"\">&#8212;Prosz\u0119 wybra\u0107 opcj\u0119&#8212;<\/option><option value=\"Wroc\u0142aw Winter Cup 28.02-01.03.2026\">Wroc\u0142aw Winter Cup 28.02-01.03.2026<\/option><option value=\"Olomouc Winter Cup 21-22.03.2026\">Olomouc Winter Cup 21-22.03.2026<\/option><option value=\"Warsaw European Cup 18-19.04.2026\">Warsaw European Cup 18-19.04.2026<\/option><option value=\"Gi\u017cycko Mazury Cup 16-17.05.2026\">Gi\u017cycko Mazury Cup 16-17.05.2026<\/option><option value=\"Ko\u0142obrzeg Anchor Cup 23-24.05.2026\">Ko\u0142obrzeg Anchor Cup 23-24.05.2026<\/option><option value=\"Balaton Trophy 30-31.05.2026\">Balaton Trophy 30-31.05.2026<\/option><option value=\"Wroc\u0142aw Summer Cup 13-14.06.2026\">Wroc\u0142aw Summer Cup 13-14.06.2026<\/option><option value=\"Spanish Champions Cup 06-08.11.2026\">Spanish Champions Cup 06-08.11.2026<\/option><option value=\"Wroc\u0142aw Handball Cup 21-23.08.2026\">Wroc\u0142aw Handball Cup 21-23.08.2026<\/option><\/select><\/span>\n\t\t\t<\/p>\n\t\t<\/div>\n\t<\/div>\n<\/div>\n<div data-id=\"group-selHand\" data-orig_data_id=\"group-selHand\"  data-class=\"wpcf7cf_group\">\n\t<div class=\"nectar-wpcf7-inline-form\">\n\t\t<div class=\"nectar-wpcf7-inline-field\">\n\t\t\t<p><span class=\"wpcf7-form-control-wrap\" data-name=\"menu-hand\"><select class=\"wpcf7-form-control wpcf7-select wpcf7-validates-as-required\" aria-required=\"true\" aria-invalid=\"false\" name=\"menu-hand\"><option value=\"\">&#8212;Prosz\u0119 wybra\u0107 opcj\u0119&#8212;<\/option><option value=\"Wroc\u0142aw Handball Cup - 22-24.08.2025\">Wroc\u0142aw Handball Cup - 22-24.08.2025<\/option><\/select><\/span>\n\t\t\t<\/p>\n\t\t<\/div>\n\t<\/div>\n<\/div>\n<p><span class=\"wpcf7-form-control-wrap\" data-name=\"your-message\"><textarea cols=\"40\" rows=\"10\" class=\"wpcf7-form-control wpcf7-textarea\" aria-invalid=\"false\" placeholder=\"Tre\u015b\u0107 wiadomo\u015bci\" name=\"your-message\"><\/textarea><\/span>\n<\/p>\n<div class=\"nectar-wpcf7-inline-br\">\n\t<h3> O\u015bwiadczenie o wyra\u017ceniu zgody na:*\n\t<\/h3>\n<\/div>\n<div class=\"nectar-wpcf7-inline-checkbox\">\n\t<p><span class=\"wpcf7-form-control-wrap\" data-name=\"checkbox-agreement\"><span class=\"wpcf7-form-control wpcf7-checkbox wpcf7-validates-as-required\"><span class=\"wpcf7-list-item first last\"><label><input type=\"checkbox\" name=\"checkbox-agreement[]\" value=\"Na wykorzystanie danych osobowych zgodnie z ustawami dotycz\u0105cymi RODO\" \/><span class=\"wpcf7-list-item-label\">Na wykorzystanie danych osobowych zgodnie z ustawami dotycz\u0105cymi RODO<\/span><\/label><\/span><\/span><\/span>\n\t<\/p>\n<\/div>\n<div class=\"nectar-wpcf7-inline-checkbox\">\n\t<p><span class=\"wpcf7-form-control-wrap\" data-name=\"checkbox-agreement\"><span class=\"wpcf7-form-control wpcf7-checkbox wpcf7-validates-as-required\"><span class=\"wpcf7-list-item first last\"><label><input type=\"checkbox\" name=\"checkbox-agreement[]\" value=\"Wyra\u017cam zgod\u0119 na otrzymywanie od Around the Sport NIP: 887-17-34-241 newslettera, czyli informacji o tematyce organizacji turniej\u00f3w sportowych za po\u015brednictwem komunikacji e-mail.\" \/><span class=\"wpcf7-list-item-label\">Wyra\u017cam zgod\u0119 na otrzymywanie od Around the Sport NIP: 887-17-34-241 newslettera, czyli informacji o tematyce organizacji turniej\u00f3w sportowych za po\u015brednictwem komunikacji e-mail.<\/span><\/label><\/span><\/span><\/span>\n\t<\/p>\n<\/div>\n<div class=\"nectar-wpcf7-rodo\">\n\t<p><a href=\"https:\/\/aroundthesport.eu\/polityka-prywatnosci\/\">Polityka prywatno\u015bci<\/a>\n\t<\/p>\n<\/div>\n<div class=\"nectar-wpcf7-inline-checkbox\">\n\t<p><span class=\"wpcf7-form-control-wrap\" data-name=\"checkbox-agreement\"><span class=\"wpcf7-form-control wpcf7-checkbox wpcf7-validates-as-required\"><span class=\"wpcf7-list-item first\"><label><input type=\"checkbox\" name=\"checkbox-agreement[]\" value=\"Przetwarzanie danych osobowych w celach marketingowych dla Agencji Sportowej  Around the Sport oraz podmiot\u00f3w uprawnionych przez ATS\" \/><span class=\"wpcf7-list-item-label\">Przetwarzanie danych osobowych w celach marketingowych dla Agencji Sportowej  Around the Sport oraz podmiot\u00f3w uprawnionych przez ATS<\/span><\/label><\/span><span class=\"wpcf7-list-item last\"><label><input type=\"checkbox\" name=\"checkbox-agreement[]\" value=\"Akceptacja regulaminu turnieju oraz regulaminu p\u0142atno\u015bci za udzia\u0142 oraz pobyt na wybranym turnieju wraz z warunkami akceptacji koszt\u00f3w anulacji,  rezerwacji wys\u0142anego do Pa\u0144stwa drog\u0105 mailow\u0105\" \/><span class=\"wpcf7-list-item-label\">Akceptacja regulaminu turnieju oraz regulaminu p\u0142atno\u015bci za udzia\u0142 oraz pobyt na wybranym turnieju wraz z warunkami akceptacji koszt\u00f3w anulacji,  rezerwacji wys\u0142anego do Pa\u0144stwa drog\u0105 mailow\u0105<\/span><\/label><\/span><\/span><\/span>\n\t<\/p>\n<\/div>\n<div class=\"nectar-wpcf7-inline-rodo\">\n\t<p>Warunkiem zg\u0142oszenia do projektu jest wys\u0142anie poprawnie tego formularza zg\u0142oszeniowego oraz dokonanie op\u0142aty wpisowej, w kwocie zawartej w ofercie, kt\u00f3r\u0105 Pa\u0144stwo otrzymali drog\u0105 mailow\u0105.<br \/>\nDokonanie op\u0142aty wpisowej (potwierdzenie to\u017csamo\u015bci) potwierdza zawarcie umowy na poni\u017cszych warunkach:<br \/>\n1. Osoba zg\u0142aszaj\u0105ca zobowi\u0105zuje si\u0119 do zap\u0142aty ca\u0142ej kwoty za udzia\u0142 oraz ewentualny pobyt zgodnie ze otrzymanym potwierdzeniem udzia\u0142u, kt\u00f3ry zostanie Pa\u0144stwu wys\u0142any drog\u0105 mailow\u0105 po otrzymaniu od Pa\u0144stwa tego formularza zg\u0142oszeniowego. P\u0142atno\u015b\u0107 mo\u017ce zosta\u0107 zrealizowana przez dowolny podmiot, jednak odpowiedzialno\u015b\u0107 osoby zg\u0142aszaj\u0105cej (p\u0142atno\u015b\u0107 z jej rachunku bankowego b\u0105d\u017a rachunku klubowego) ma charakter osobisty.<br \/>\n2. Potwierdzenie generowane na podstawie dokonanego zg\u0142oszenia okre\u015bla warunki zawartej umowy.<br \/>\n3. Konsument ma zapewnione prawo do odst\u0105pienia od umowy zawartej na odleg\u0142o\u015b\u0107 w ci\u0105gu 14 dni. Aby odst\u0105pi\u0107 od umowy, nale\u017cy wys\u0142a\u0107 oficjaln\u0105 informacj\u0119 o rezygnacji z udzia\u0142u w wybranym przez Pa\u0144stwa projekcie na adres mailowy office@aroundthesport.eu, w terminie nie d\u0142u\u017cszym ni\u017c 14 dni od momentu wys\u0142ania tego formularza.<br \/>\n4. Organizator zastrzega sobie prawo do podwy\u017cszenia cen \u015bwiadczonych us\u0142ug w wysoko\u015bci maksymalnie 8% od kwoty podanej w ofercie, kt\u00f3r\u0105 otrzymali Pa\u0144stwo drog\u0105 mailow\u0105 w terminie do 14 dni przed terminem rozpocz\u0119cia organizowanej imprezy. Us\u0142ugi te w du\u017cej mierze dostarczane s\u0105 przez podmioty zewn\u0119trzne tj. w\u0142a\u015bciciele obiekt\u00f3w sportowych, hoteli i innych zakwaterowa\u0144 z oferty, kt\u00f3r\u0105 Pa\u0144stwo otrzymali drog\u0105 mailow\u0105, firmy cateringowe czy firmy transportowe, kt\u00f3re w spos\u00f3b analogiczny zabezpieczaj\u0105 swoje interesy i r\u00f3wnie\u017c mog\u0105 podnie\u015b ceny \u015bwiadczonych dla nas us\u0142ug.<br \/>\n5. Osoba zg\u0142aszaj\u0105ca sw\u00f3j udzia\u0142 do wybranego projektu w momencie wys\u0142ania tego formularza zg\u0142oszeniowego, akceptuje warunki anulacji i koszt\u00f3w rezygnacji z projektu, kt\u00f3ry zostanie Pa\u0144stwu wys\u0142any drog\u0105 mailow\u0105 wraz z potwierdzeniem udzia\u0142u.\n\t<\/p>\n<\/div>\n<p><input class=\"wpcf7-form-control wpcf7-submit has-spinner\" type=\"submit\" value=\"Wy\u015blij formularz\" \/>\n<\/p><div class=\"wpcf7-response-output\" aria-hidden=\"true\"><\/div>\n<\/form>\n<\/div>\n[\/vc_column_inner][\/vc_row_inner][\/vc_column][\/vc_row][vc_row type=&#8221;full_width_background&#8221; full_screen_row_position=&#8221;middle&#8221; column_margin=&#8221;default&#8221; equal_height=&#8221;yes&#8221; column_direction=&#8221;default&#8221; column_direction_tablet=&#8221;default&#8221; column_direction_phone=&#8221;default&#8221; bg_image=&#8221;76&#8243; bg_position=&#8221;center center&#8221; background_image_loading=&#8221;default&#8221; bg_repeat=&#8221;no-repeat&#8221; scene_position=&#8221;center&#8221; top_padding=&#8221;10%&#8221; bottom_padding=&#8221;4%&#8221; top_padding_phone=&#8221;18%&#8221; bottom_padding_phone=&#8221;14%&#8221; text_color=&#8221;light&#8221; text_align=&#8221;left&#8221; row_border_radius=&#8221;none&#8221; row_border_radius_applies=&#8221;bg&#8221; overflow=&#8221;visible&#8221; color_overlay=&#8221;#0a0a0a&#8221; overlay_strength=&#8221;0.5&#8243; gradient_direction=&#8221;left_to_right&#8221; shape_divider_position=&#8221;bottom&#8221; bg_image_animation=&#8221;zoom-out-slow&#8221; shape_type=&#8221;&#8221;][vc_column column_padding=&#8221;padding-6-percent&#8221; column_padding_tablet=&#8221;padding-5-percent&#8221; column_padding_phone=&#8221;inherit&#8221; column_padding_position=&#8221;all&#8221; top_margin=&#8221;2%&#8221; bottom_margin=&#8221;2%&#8221; column_element_spacing=&#8221;default&#8221; background_color=&#8221;#ffffff&#8221; background_color_opacity=&#8221;1&#8243; background_hover_color_opacity=&#8221;1&#8243; font_color=&#8221;#000000&#8243; column_shadow=&#8221;medium_depth&#8221; column_border_radius=&#8221;20px&#8221; column_link_target=&#8221;_self&#8221; column_position=&#8221;default&#8221; advanced_gradient_angle=&#8221;0&#8243; gradient_direction=&#8221;left_to_right&#8221; overlay_strength=&#8221;0.3&#8243; width=&#8221;1\/3&#8243; tablet_width_inherit=&#8221;default&#8221; tablet_text_alignment=&#8221;default&#8221; phone_text_alignment=&#8221;default&#8221; animation_type=&#8221;default&#8221; enable_animation=&#8221;true&#8221; animation=&#8221;fade-in-from-bottom&#8221; bg_image_animation=&#8221;none&#8221; border_type=&#8221;simple&#8221; column_border_width=&#8221;none&#8221; offset=&#8221;vc_col-lg-4 vc_col-md-12&#8243; gradient_type=&#8221;default&#8221;]<div class=\"iwithtext\"><div class=\"iwt-icon\"> <i class=\"icon-default-style fa fa-location-arrow accent-color\"><\/i> <\/div><div class=\"iwt-text\"> <span style=\"color: #6a06ff;\">Al. Armii Krajowej 8a\/6<\/span><br \/>\n<span style=\"color: #6a06ff;\">50-541 Wroc\u0142aw<\/span> <\/div><div class=\"clear\"><\/div><\/div>[\/vc_column][vc_column column_padding=&#8221;padding-5-percent&#8221; column_padding_tablet=&#8221;inherit&#8221; column_padding_phone=&#8221;inherit&#8221; column_padding_position=&#8221;all&#8221; top_margin=&#8221;2%&#8221; bottom_margin=&#8221;2%&#8221; top_margin_tablet=&#8221;4%&#8221; bottom_margin_tablet=&#8221;4%&#8221; column_element_spacing=&#8221;default&#8221; background_color=&#8221;#ffffff&#8221; background_color_opacity=&#8221;1&#8243; background_hover_color_opacity=&#8221;1&#8243; font_color=&#8221;#000000&#8243; column_shadow=&#8221;medium_depth&#8221; column_border_radius=&#8221;20px&#8221; column_link_target=&#8221;_self&#8221; column_position=&#8221;default&#8221; gradient_direction=&#8221;left_to_right&#8221; overlay_strength=&#8221;0.3&#8243; width=&#8221;1\/3&#8243; tablet_width_inherit=&#8221;default&#8221; tablet_text_alignment=&#8221;default&#8221; phone_text_alignment=&#8221;default&#8221; animation_type=&#8221;default&#8221; enable_animation=&#8221;true&#8221; animation=&#8221;fade-in-from-bottom&#8221; bg_image_animation=&#8221;none&#8221; border_type=&#8221;simple&#8221; column_border_width=&#8221;none&#8221; offset=&#8221;vc_col-lg-4 vc_col-md-12&#8243;][vc_column_text]\n<p style=\"text-align: center;\"><span style=\"color: #6a06ff;\">Follow us<\/span><\/p>\n[\/vc_column_text][\/vc_column][vc_column column_padding=&#8221;padding-5-percent&#8221; column_padding_tablet=&#8221;inherit&#8221; column_padding_phone=&#8221;inherit&#8221; column_padding_position=&#8221;all&#8221; top_margin=&#8221;2%&#8221; bottom_margin=&#8221;2%&#8221; top_margin_tablet=&#8221;4%&#8221; bottom_margin_tablet=&#8221;4%&#8221; column_element_spacing=&#8221;default&#8221; background_color=&#8221;#ffffff&#8221; background_color_opacity=&#8221;1&#8243; background_hover_color_opacity=&#8221;1&#8243; font_color=&#8221;#000000&#8243; column_shadow=&#8221;medium_depth&#8221; column_border_radius=&#8221;20px&#8221; column_link_target=&#8221;_self&#8221; column_position=&#8221;default&#8221; advanced_gradient_angle=&#8221;0&#8243; gradient_direction=&#8221;left_to_right&#8221; overlay_strength=&#8221;0.3&#8243; width=&#8221;1\/3&#8243; tablet_width_inherit=&#8221;default&#8221; tablet_text_alignment=&#8221;default&#8221; phone_text_alignment=&#8221;default&#8221; animation_type=&#8221;default&#8221; enable_animation=&#8221;true&#8221; animation=&#8221;fade-in-from-bottom&#8221; bg_image_animation=&#8221;none&#8221; border_type=&#8221;simple&#8221; column_border_width=&#8221;none&#8221; offset=&#8221;vc_col-lg-4 vc_col-md-12&#8243; gradient_type=&#8221;default&#8221;]<div class=\"iwithtext\"><div class=\"iwt-icon\"> <i class=\"icon-default-style fa fa-envelope accent-color\"><\/i> <\/div><div class=\"iwt-text\"> <a class=\"mailto-link\" href=\"mailto:office@aroundthesport.eu\" target=\"_blank\" rel=\"noopener\">office@aroundthesport.eu<\/a> <\/div><div class=\"clear\"><\/div><\/div><div class=\"iwithtext\"><div class=\"iwt-icon\"> <i class=\"icon-default-style fa fa-phone accent-color\"><\/i> <\/div><div class=\"iwt-text\"> <a href=\"tel:+48664190926\">+<\/a><a href=\"http:\/\/530%20082%20947\/\">48\u00a0<\/a><a href=\"http:\/\/530%20082%20947\/\">48667228612<\/a> <\/div><div class=\"clear\"><\/div><\/div>[\/vc_column][\/vc_row][vc_row type=&#8221;full_width_content&#8221; full_screen_row_position=&#8221;middle&#8221; column_margin=&#8221;default&#8221; column_direction=&#8221;default&#8221; column_direction_tablet=&#8221;default&#8221; column_direction_phone=&#8221;default&#8221; scene_position=&#8221;center&#8221; text_color=&#8221;dark&#8221; text_align=&#8221;left&#8221; row_border_radius=&#8221;none&#8221; row_border_radius_applies=&#8221;bg&#8221; overflow=&#8221;visible&#8221; overlay_strength=&#8221;0.3&#8243; gradient_direction=&#8221;left_to_right&#8221; shape_divider_position=&#8221;bottom&#8221; bg_image_animation=&#8221;none&#8221; shape_type=&#8221;&#8221;][vc_column column_padding=&#8221;no-extra-padding&#8221; column_padding_tablet=&#8221;inherit&#8221; column_padding_phone=&#8221;inherit&#8221; column_padding_position=&#8221;all&#8221; bottom_margin=&#8221;-11px&#8221; column_element_spacing=&#8221;default&#8221; background_color_opacity=&#8221;1&#8243; background_hover_color_opacity=&#8221;1&#8243; column_shadow=&#8221;none&#8221; column_border_radius=&#8221;none&#8221; column_link_target=&#8221;_self&#8221; column_position=&#8221;default&#8221; gradient_direction=&#8221;left_to_right&#8221; overlay_strength=&#8221;0.3&#8243; width=&#8221;1\/1&#8243; tablet_width_inherit=&#8221;default&#8221; tablet_text_alignment=&#8221;default&#8221; phone_text_alignment=&#8221;default&#8221; animation_type=&#8221;default&#8221; bg_image_animation=&#8221;none&#8221; border_type=&#8221;simple&#8221; column_border_width=&#8221;none&#8221; column_border_style=&#8221;solid&#8221;][\/vc_column][\/vc_row]\n","protected":false},"excerpt":{"rendered":"<p>[vc_row type=&#8221;full_width_background&#8221; full_screen_row_position=&#8221;middle&#8221; column_margin=&#8221;default&#8221; column_direction=&#8221;default&#8221; column_direction_tablet=&#8221;default&#8221; column_direction_phone=&#8221;default&#8221; bg_color=&#8221;#f1f1f1&#8243; bg_image=&#8221;5715&#8243; bg_position=&#8221;center center&#8221; background_image_loading=&#8221;default&#8221; bg_repeat=&#8221;no-repeat&#8221; scene_position=&#8221;center&#8221; top_padding=&#8221;120px&#8221; top_padding_phone=&#8221;60px&#8221; text_color=&#8221;dark&#8221; text_align=&#8221;left&#8221; row_border_radius=&#8221;none&#8221; row_border_radius_applies=&#8221;bg&#8221; zindex=&#8221;100&#8243; overflow=&#8221;visible&#8221; advanced_gradient_angle=&#8221;0&#8243; overlay_strength=&#8221;0.3&#8243; gradient_direction=&#8221;left_to_right&#8221; shape_divider_position=&#8221;bottom&#8221; bg_image_animation=&#8221;none&#8221; shape_type=&#8221;&#8221; gradient_type=&#8221;default&#8221;][vc_column column_padding=&#8221;no-extra-padding&#8221;&#8230;<\/p>\n","protected":false},"author":1,"featured_media":0,"parent":0,"menu_order":0,"comment_status":"closed","ping_status":"closed","template":"","meta":{"_exactmetrics_skip_tracking":false,"_exactmetrics_sitenote_active":false,"_exactmetrics_sitenote_note":"","_exactmetrics_sitenote_category":0,"footnotes":""},"class_list":["post-1938","page","type-page","status-publish"],"_links":{"self":[{"href":"https:\/\/aroundthesport.eu\/en\/wp-json\/wp\/v2\/pages\/1938","targetHints":{"allow":["GET"]}}],"collection":[{"href":"https:\/\/aroundthesport.eu\/en\/wp-json\/wp\/v2\/pages"}],"about":[{"href":"https:\/\/aroundthesport.eu\/en\/wp-json\/wp\/v2\/types\/page"}],"author":[{"embeddable":true,"href":"https:\/\/aroundthesport.eu\/en\/wp-json\/wp\/v2\/users\/1"}],"replies":[{"embeddable":true,"href":"https:\/\/aroundthesport.eu\/en\/wp-json\/wp\/v2\/comments?post=1938"}],"version-history":[{"count":26,"href":"https:\/\/aroundthesport.eu\/en\/wp-json\/wp\/v2\/pages\/1938\/revisions"}],"predecessor-version":[{"id":6213,"href":"https:\/\/aroundthesport.eu\/en\/wp-json\/wp\/v2\/pages\/1938\/revisions\/6213"}],"wp:attachment":[{"href":"https:\/\/aroundthesport.eu\/en\/wp-json\/wp\/v2\/media?parent=1938"}],"curies":[{"name":"wp","href":"https:\/\/api.w.org\/{rel}","templated":true}]}}